{"id":2,"date":"2022-12-29T12:01:48","date_gmt":"2022-12-29T11:01:48","guid":{"rendered":"https:\/\/fork.thomas-alf.de\/?page_id=2"},"modified":"2025-07-05T14:22:34","modified_gmt":"2025-07-05T12:22:34","slug":"beispiel-seite","status":"publish","type":"page","link":"https:\/\/thomas-alf.de\/","title":{"rendered":"Herzlich willkommen"},"content":{"rendered":"\n<p>Mein Name ist Thomas Alf und ich werde hier \u00fcber mich und mein Leben schreiben. Ich \u00e4u\u00dfere mich zu verschiedenen Themen die mich bewegen und zu denen ich eine Meinung habe.<\/p>\n\n\n\n<p>Ich lebe in <a href=\"https:\/\/www.eching.de\/index.php?id=0,1\" rel=\"noreferrer noopener\" target=\"_blank\">Eching<\/a> im <a href=\"https:\/\/www.kreis-freising.de\" rel=\"noreferrer noopener\" target=\"_blank\">Kreis Freising<\/a>. Diese sch\u00f6ne kleine Gemeinde ist in den letzten Jahren meine Heimat geworden. Eching liegt im Norden von M\u00fcnchen, es ist der Ort in dem der erste IKEA in Deutschland er\u00f6ffnet wurde.<\/p>\n\n\n\n<p>Aufgewachsen bin ich in <a href=\"https:\/\/www.freudenstadt.de\/willkommen\" target=\"_blank\" rel=\"noreferrer noopener\">Freudenstadt<\/a>, der Perle des Nordschwarzwaldes. Hier komme ich her und nach wie vor komme ich auch gerne wieder zur\u00fcck.<\/p>\n","protected":false},"excerpt":{"rendered":"<p>Mein Name ist Thomas Alf und ich werde hier \u00fcber mich und mein Leben schreiben. Ich \u00e4u\u00dfere mich zu verschiedenen Themen die mich bewegen und zu denen ich eine Meinung habe. Ich lebe in Eching im Kreis Freising. Diese sch\u00f6ne kleine Gemeinde ist in den letzten Jahren meine Heimat geworden.&hellip; <\/p>\n","protected":false},"author":2,"featured_media":8,"parent":0,"menu_order":0,"comment_status":"closed","ping_status":"open","template":"","meta":{"footnotes":""},"class_list":["post-2","page","type-page","status-publish","has-post-thumbnail","hentry"],"_links":{"self":[{"href":"https:\/\/thomas-alf.de\/index.php?rest_route=\/wp\/v2\/pages\/2","targetHints":{"allow":["GET"]}}],"collection":[{"href":"https:\/\/thomas-alf.de\/index.php?rest_route=\/wp\/v2\/pages"}],"about":[{"href":"https:\/\/thomas-alf.de\/index.php?rest_route=\/wp\/v2\/types\/page"}],"author":[{"embeddable":true,"href":"https:\/\/thomas-alf.de\/index.php?rest_route=\/wp\/v2\/users\/2"}],"replies":[{"embeddable":true,"href":"https:\/\/thomas-alf.de\/index.php?rest_route=%2Fwp%2Fv2%2Fcomments&post=2"}],"version-history":[{"count":5,"href":"https:\/\/thomas-alf.de\/index.php?rest_route=\/wp\/v2\/pages\/2\/revisions"}],"predecessor-version":[{"id":101,"href":"https:\/\/thomas-alf.de\/index.php?rest_route=\/wp\/v2\/pages\/2\/revisions\/101"}],"wp:featuredmedia":[{"embeddable":true,"href":"https:\/\/thomas-alf.de\/index.php?rest_route=\/wp\/v2\/media\/8"}],"wp:attachment":[{"href":"https:\/\/thomas-alf.de\/index.php?rest_route=%2Fwp%2Fv2%2Fmedia&parent=2"}],"curies":[{"name":"wp","href":"https:\/\/api.w.org\/{rel}","templated":true}]}}